{"id":2785,"date":"2023-12-21T02:40:28","date_gmt":"2023-12-21T02:40:28","guid":{"rendered":"https:\/\/tofuteacher.com\/?page_id=2785"},"modified":"2024-11-24T15:26:17","modified_gmt":"2024-11-24T08:26:17","slug":"service","status":"publish","type":"page","link":"https:\/\/tofuteacher.com\/vi\/service\/","title":{"rendered":"Kho\u00e1 H\u1ecdc"},"content":{"rendered":"<div id=\"ss-services\"  data-column-margin=\"default\" data-midnight=\"dark\"  class=\"wpb_row vc_row-fluid vc_row\"  style=\"padding-top: 0px; padding-bottom: 0px; \"><div class=\"row-bg-wrap\" data-bg-animation=\"none\" data-bg-animation-delay=\"\" data-bg-overlay=\"false\"><div class=\"inner-wrap row-bg-layer\" ><div class=\"row-bg viewport-desktop\"  style=\"\"><\/div><\/div><\/div><div class=\"row_col_wrap_12 col span_12 dark left\">\n\t<div  class=\"vc_col-sm-12 wpb_column column_container vc_column_container col no-extra-padding inherit_tablet inherit_phone\"  data-padding-pos=\"all\" data-has-bg-color=\"false\" data-bg-color=\"\" data-bg-opacity=\"1\" data-animation=\"\" data-delay=\"0\" >\n\t\t<div class=\"vc_column-inner\" >\n\t\t\t<div class=\"wpb_wrapper\">\n\t\t\t\t<div id=\"fws_69fb5c3bab415\" data-midnight=\"\" data-column-margin=\"default\" class=\"wpb_row vc_row-fluid vc_row inner_row\"  style=\"\"><div class=\"row-bg-wrap\"> <div class=\"row-bg\" ><\/div> <\/div><div class=\"row_col_wrap_12_inner col span_12  left\">\n\t<div  class=\"vc_col-sm-12 wpb_column column_container vc_column_container col child_column no-extra-padding inherit_tablet inherit_phone\"   data-padding-pos=\"all\" data-has-bg-color=\"false\" data-bg-color=\"\" data-bg-opacity=\"1\" data-animation=\"\" data-delay=\"0\" >\n\t\t<div class=\"vc_column-inner\" >\n\t\t<div class=\"wpb_wrapper\">\n\t\t\t<h2 style=\"font-size: 40px;color: #171a1f;text-align: center\" class=\"vc_custom_heading tt-service font_32\" >Ch\u00fang t\u00f4i Thi\u1ebft K\u1ebf Kho\u00e1 H\u1ecdc Ph\u00f9 H\u1ee3p V\u1edbi M\u1ee5c Ti\u00eau C\u1ee7a H\u1ecdc Sinh<\/h2>\n<div class=\"wpb_text_column wpb_content_element  txt-individual-sr\" >\n\t<div class=\"wpb_wrapper\">\n\t\t<p style=\"text-align: center;\"><span style=\"color: #171a1f;\"><em>C\u00e1 Nh\u00e2n Ho\u00e1 - Ph\u00e1t Tri\u1ec3n - Kh\u00e1m Ph\u00e1<\/em><\/span><\/p>\n\t<\/div>\n<\/div>\n\n\n\n\n\t\t<\/div> \n\t<\/div>\n\t<\/div> \n<\/div><\/div>\n\t\t\t<\/div> \n\t\t<\/div>\n\t<\/div> \n<\/div><\/div>\n\t\t<div id=\"fws_69fb5c3bab861\"  data-column-margin=\"default\" data-midnight=\"dark\"  class=\"wpb_row vc_row-fluid vc_row full-width-section ss-educational\"  style=\"padding-top: 0px; padding-bottom: 0px; \"><div class=\"row-bg-wrap\" data-bg-animation=\"none\" data-bg-animation-delay=\"\" data-bg-overlay=\"false\"><div class=\"inner-wrap row-bg-layer\" ><div class=\"row-bg viewport-desktop using-bg-color\"  style=\"background-color: #F8F9FAFF; \"><\/div><\/div><\/div><div class=\"row_col_wrap_12 col span_12 dark left\">\n\t<div  class=\"vc_col-sm-12 wpb_column column_container vc_column_container col no-extra-padding inherit_tablet inherit_phone\"  data-padding-pos=\"all\" data-has-bg-color=\"false\" data-bg-color=\"\" data-bg-opacity=\"1\" data-animation=\"\" data-delay=\"0\" >\n\t\t<div class=\"vc_column-inner\" >\n\t\t\t<div class=\"wpb_wrapper\">\n\t\t\t\t<div id=\"fws_69fb5c3baba1b\" data-midnight=\"\" data-column-margin=\"default\" class=\"wpb_row vc_row-fluid vc_row inner_row\"  style=\"\"><div class=\"row-bg-wrap\"> <div class=\"row-bg\" ><\/div> <\/div><div class=\"row_col_wrap_12_inner col span_12  left\">\n\t<div  class=\"vc_col-sm-12 wpb_column column_container vc_column_container col child_column no-extra-padding inherit_tablet inherit_phone\"   data-padding-pos=\"all\" data-has-bg-color=\"false\" data-bg-color=\"\" data-bg-opacity=\"1\" data-animation=\"\" data-delay=\"0\" >\n\t\t<div class=\"vc_column-inner\" >\n\t\t<div class=\"wpb_wrapper\">\n\t\t\t<h2 style=\"color: #171a1f;text-align: center\" class=\"vc_custom_heading tt-education font_32\" >Gi\u00e1o d\u1ee5c | Chu\u1ea9n b\u1ecb ngh\u1ec1 nghi\u1ec7p<\/h2>\n\t<div class=\"wpb_raw_code wpb_content_element wpb_raw_html ss-services-desktop\" >\n\t\t<div class=\"wpb_wrapper\">\n\t\t\t<div class=\"ls-evens ss-service\"><div class=\"news-a\"><div class=\"box-content\"><div class=\"img-flow\"><a href=\"https:\/\/tofuteacher.com\/vi\/services\/ssat-2\/\" target=\"_blank\"><img decoding=\"async\" src=\"https:\/\/tofuteacher.com\/wp-content\/uploads\/2023\/12\/service-4.jpg\" alt=\"\"><\/a><\/div><div class=\"ss-content\"><a href=\"https:\/\/tofuteacher.com\/vi\/services\/ssat-2\/\" target=\"_blank\"><h2 class=\"tt-services\">SSAT<\/h2><\/a><p>\u0110\u1ea1t \u0111\u01b0\u1ee3c \u0111i\u1ec3m s\u1ed1 SSAT xu\u1ea5t s\u1eafc c\u00f3 th\u1ec3 l\u00e0 c\u00e1nh c\u1eeda m\u1edf ra c\u01a1 h\u1ed9i nh\u1eadp h\u1ecdc t\u1ea1i c\u00e1c tr\u01b0\u1eddng t\u01b0 th\u1ee5c v\u00e0 tr\u01b0\u1eddng n\u1ed9i tr\u00fa h\u00e0ng \u0111\u1ea7u... <a class=\"seemore\" href=\"https:\/\/tofuteacher.com\/vi\/services\/ssat-2\/\" target=\"_blank\"> Xem th\u00eam<\/a><\/p><\/div><\/div><\/div><div class=\"news-a\"><div class=\"box-content\"><div class=\"img-flow\"><a href=\"https:\/\/tofuteacher.com\/vi\/services\/ap-united-states-history-2\/\" target=\"_blank\"><img decoding=\"async\" src=\"https:\/\/tofuteacher.com\/wp-content\/uploads\/2023\/12\/service-3.jpg\" alt=\"\"><\/a><\/div><div class=\"ss-content\"><a href=\"https:\/\/tofuteacher.com\/vi\/services\/ap-united-states-history-2\/\" target=\"_blank\"><h2 class=\"tt-services\">AP United States History<\/h2><\/a><p>Kh\u00e1m ph\u00e1 m\u00f4n L\u1ecbch s\u1eed Hoa K\u1ef3 AP th\u00f4ng qua m\u1ed9t ch\u01b0\u01a1ng tr\u00ecnh \u0111\u01b0\u1ee3c thi\u1ebft k\u1ebf \u0111\u1ec3 ph\u00e1t tri\u1ec3n hi\u1ec3u bi\u1ebft s\u00e2u s\u1eafc v\u1ec1 l\u1ecbch s\u1eed... <a class=\"seemore\" href=\"https:\/\/tofuteacher.com\/vi\/services\/ap-united-states-history-2\/\" target=\"_blank\"> Xem th\u00eam<\/a><\/p><\/div><\/div><\/div><div class=\"news-a\"><div class=\"box-content\"><div class=\"img-flow\"><a href=\"https:\/\/tofuteacher.com\/vi\/services\/ap-world-history-2\/\" target=\"_blank\"><img decoding=\"async\" src=\"https:\/\/tofuteacher.com\/wp-content\/uploads\/2023\/12\/service-2.jpg\" alt=\"\"><\/a><\/div><div class=\"ss-content\"><a href=\"https:\/\/tofuteacher.com\/vi\/services\/ap-world-history-2\/\" target=\"_blank\"><h2 class=\"tt-services\">AP World History<\/h2><\/a><p>M\u00f4n L\u1ecbch S\u1eed Th\u1ebf Gi\u1edbi AP c\u1ee7a ch\u00fang t\u00f4i \u0111\u01b0\u1ee3c thi\u1ebft k\u1ebf \u0111\u1eb7c bi\u1ec7t, kh\u00f4ng ch\u1ec9 gi\u00fap h\u1ecdc sinh n\u1eafm v\u1eefng ki\u1ebfn th\u1ee9c m\u00e0 c\u00f2n... <a class=\"seemore\" href=\"https:\/\/tofuteacher.com\/vi\/services\/ap-world-history-2\/\" target=\"_blank\"> Xem th\u00eam<\/a><\/p><\/div><\/div><\/div><div class=\"news-a\"><div class=\"box-content\"><div class=\"img-flow\"><a href=\"https:\/\/tofuteacher.com\/vi\/services\/ap-comparative-government-and-politics-2\/\" target=\"_blank\"><img decoding=\"async\" src=\"https:\/\/tofuteacher.com\/wp-content\/uploads\/2023\/12\/service-1.jpg\" alt=\"\"><\/a><\/div><div class=\"ss-content\"><a href=\"https:\/\/tofuteacher.com\/vi\/services\/ap-comparative-government-and-politics-2\/\" target=\"_blank\"><h2 class=\"tt-services\">AP Comparative Government and Politics<\/h2><\/a><p>Ch\u00fang t\u00f4i cung c\u1ea5p cho h\u1ecdc sinh nh\u1eefng hi\u1ec3u bi\u1ebft c\u1ea7n thi\u1ebft \u0111\u1ec3 kh\u00f4ng ch\u1ec9 hi\u1ec3u \u0111\u01b0\u1ee3c c\u00e1c b\u1ed1i c\u1ea3nh ch\u00ednh tr\u1ecb \u0111a d\u1ea1ng... <a class=\"seemore\" href=\"https:\/\/tofuteacher.com\/vi\/services\/ap-comparative-government-and-politics-2\/\" target=\"_blank\"> Xem th\u00eam<\/a><\/p><\/div><\/div><\/div><div class=\"news-a\"><div class=\"box-content\"><div class=\"img-flow\"><a href=\"https:\/\/tofuteacher.com\/vi\/services\/management-consulting-case-interview-2\/\" target=\"_blank\"><img decoding=\"async\" src=\"https:\/\/tofuteacher.com\/wp-content\/uploads\/2023\/12\/service-1.jpg\" alt=\"\"><\/a><\/div><div class=\"ss-content\"><a href=\"https:\/\/tofuteacher.com\/vi\/services\/management-consulting-case-interview-2\/\" target=\"_blank\"><h2 class=\"tt-services\">Management Consulting Case Coach<\/h2><\/a><p>Kho\u00e1 Cash Coaching c\u1ee7a ch\u00fang t\u00f4i \u0111\u01b0\u1ee3c thi\u1ebft k\u1ebf d\u00e0nh cho nh\u1eefng h\u1ecdc sinh mong mu\u1ed1n th\u00e0nh c\u00f4ng trong ng\u00e0nh t\u01b0 v\u1ea5n... <a class=\"seemore\" href=\"https:\/\/tofuteacher.com\/vi\/services\/management-consulting-case-interview-2\/\" target=\"_blank\"> Xem th\u00eam<\/a><\/p><\/div><\/div><\/div><div class=\"news-a\"><div class=\"box-content\"><div class=\"img-flow\"><a href=\"https:\/\/tofuteacher.com\/vi\/services\/boarding-school-interview-2\/\" target=\"_blank\"><img decoding=\"async\" src=\"https:\/\/tofuteacher.com\/wp-content\/uploads\/2023\/12\/service-2.jpg\" alt=\"\"><\/a><\/div><div class=\"ss-content\"><a href=\"https:\/\/tofuteacher.com\/vi\/services\/boarding-school-interview-2\/\" target=\"_blank\"><h2 class=\"tt-services\">Boarding School Application<\/h2><\/a><p>Kho\u00e1 h\u1ecdc chu\u1ea9n b\u1ecb Ph\u1ecfng V\u1ea5n Tr\u01b0\u1eddng N\u1ed9i Tr\u00fa c\u1ee7a ch\u00fang t\u00f4i cung c\u1ea5p cho h\u1ecdc sinh s\u1ef1 h\u1ed7 tr\u1ee3 v\u00e0 chu\u1ea9n b\u1ecb c\u1ea7n thi\u1ebft... <a class=\"seemore\" href=\"https:\/\/tofuteacher.com\/vi\/services\/boarding-school-interview-2\/\" target=\"_blank\"> Xem th\u00eam<\/a><\/p><\/div><\/div><\/div><div class=\"news-a\"><div class=\"box-content\"><div class=\"img-flow\"><a href=\"https:\/\/tofuteacher.com\/vi\/services\/college-admissions-preparation-2\/\" target=\"_blank\"><img decoding=\"async\" src=\"https:\/\/tofuteacher.com\/wp-content\/uploads\/2023\/12\/service-3.jpg\" alt=\"\"><\/a><\/div><div class=\"ss-content\"><a href=\"https:\/\/tofuteacher.com\/vi\/services\/college-admissions-preparation-2\/\" target=\"_blank\"><h2 class=\"tt-services\">College Admissions Preparation<\/h2><\/a><p>Kho\u00e1 h\u1ecdc Chu\u1ea9n B\u1ecb \u0110\u1ea1i H\u1ecdc \u0111\u01b0\u1ee3c thi\u1ebft k\u1ebf \u0111\u1ec3 h\u01b0\u1edbng d\u1eabn h\u1ecdc sinh v\u01b0\u1ee3t qua m\u1ed9t trong nh\u1eefng giai \u0111o\u1ea1n quan tr\u1ecdng nh\u1ea5t... <a class=\"seemore\" href=\"https:\/\/tofuteacher.com\/vi\/services\/college-admissions-preparation-2\/\" target=\"_blank\"> Xem th\u00eam<\/a><\/p><\/div><\/div><\/div><div class=\"news-a\"><div class=\"box-content\"><div class=\"img-flow\"><a href=\"https:\/\/tofuteacher.com\/vi\/services\/writing-coach-2\/\" target=\"_blank\"><img decoding=\"async\" src=\"https:\/\/tofuteacher.com\/wp-content\/uploads\/2023\/12\/service-4.jpg\" alt=\"\"><\/a><\/div><div class=\"ss-content\"><a href=\"https:\/\/tofuteacher.com\/vi\/services\/writing-coach-2\/\" target=\"_blank\"><h2 class=\"tt-services\">Writing Coach<\/h2><\/a><p>D\u00f9 b\u1ea1n \u0111ang chu\u1ea9n b\u1ecb b\u00e0i lu\u1eadn xin v\u00e0o \u0111\u1ea1i h\u1ecdc, l\u00e0m c\u00e1c b\u00e0i t\u1eadp Ti\u1ebfng Anh AP ho\u1eb7c \u0111\u01a1n gi\u1ea3n c\u1ea3i thi\u1ec7n kh\u1ea3 n\u0103ng vi\u1ebft... <a class=\"seemore\" href=\"https:\/\/tofuteacher.com\/vi\/services\/writing-coach-2\/\" target=\"_blank\"> Xem th\u00eam<\/a><\/p><\/div><\/div><\/div><\/div>\n\t\t<\/div>\n\t<\/div>\n\n\t<div class=\"wpb_raw_code wpb_content_element wpb_raw_html\" id=\"ss-services-mobile\">\n\t\t<div class=\"wpb_wrapper\">\n\t\t\t<div class=\"news-evens ss-service\"><div class=\"news-a\"><div class=\"box-content\"><div class=\"img-flow\"><a href=\"https:\/\/tofuteacher.com\/vi\/services\/ssat-2\/\" target=\"_blank\"><img decoding=\"async\" src=\"https:\/\/tofuteacher.com\/wp-content\/uploads\/2023\/12\/service-4.jpg\" alt=\"\"><\/a><\/div><div class=\"ss-content\"><a href=\"https:\/\/tofuteacher.com\/vi\/services\/ssat-2\/\" target=\"_blank\"><h2 class=\"tt-services\">SSAT<\/h2><\/a><p>\u0110\u1ea1t \u0111\u01b0\u1ee3c \u0111i\u1ec3m s\u1ed1 SSAT xu\u1ea5t s\u1eafc c\u00f3 th\u1ec3 l\u00e0 c\u00e1nh c\u1eeda m\u1edf ra c\u01a1 h\u1ed9i nh\u1eadp h\u1ecdc t\u1ea1i c\u00e1c tr\u01b0\u1eddng t\u01b0 th\u1ee5c v\u00e0 tr\u01b0\u1eddng n\u1ed9i tr\u00fa h\u00e0ng \u0111\u1ea7u... <a class=\"seemore\" href=\"https:\/\/tofuteacher.com\/vi\/services\/ssat-2\/\" target=\"_blank\"> Xem th\u00eam<\/a><\/p><\/div><\/div><\/div><div class=\"news-a\"><div class=\"box-content\"><div class=\"img-flow\"><a href=\"https:\/\/tofuteacher.com\/vi\/services\/ap-united-states-history-2\/\" target=\"_blank\"><img decoding=\"async\" src=\"https:\/\/tofuteacher.com\/wp-content\/uploads\/2023\/12\/service-3.jpg\" alt=\"\"><\/a><\/div><div class=\"ss-content\"><a href=\"https:\/\/tofuteacher.com\/vi\/services\/ap-united-states-history-2\/\" target=\"_blank\"><h2 class=\"tt-services\">AP United States History<\/h2><\/a><p>Kh\u00e1m ph\u00e1 m\u00f4n L\u1ecbch s\u1eed Hoa K\u1ef3 AP th\u00f4ng qua m\u1ed9t ch\u01b0\u01a1ng tr\u00ecnh \u0111\u01b0\u1ee3c thi\u1ebft k\u1ebf \u0111\u1ec3 ph\u00e1t tri\u1ec3n hi\u1ec3u bi\u1ebft s\u00e2u s\u1eafc v\u1ec1 l\u1ecbch s\u1eed... <a class=\"seemore\" href=\"https:\/\/tofuteacher.com\/vi\/services\/ap-united-states-history-2\/\" target=\"_blank\"> Xem th\u00eam<\/a><\/p><\/div><\/div><\/div><div class=\"news-a\"><div class=\"box-content\"><div class=\"img-flow\"><a href=\"https:\/\/tofuteacher.com\/vi\/services\/ap-world-history-2\/\" target=\"_blank\"><img decoding=\"async\" src=\"https:\/\/tofuteacher.com\/wp-content\/uploads\/2023\/12\/service-2.jpg\" alt=\"\"><\/a><\/div><div class=\"ss-content\"><a href=\"https:\/\/tofuteacher.com\/vi\/services\/ap-world-history-2\/\" target=\"_blank\"><h2 class=\"tt-services\">AP World History<\/h2><\/a><p>M\u00f4n L\u1ecbch S\u1eed Th\u1ebf Gi\u1edbi AP c\u1ee7a ch\u00fang t\u00f4i \u0111\u01b0\u1ee3c thi\u1ebft k\u1ebf \u0111\u1eb7c bi\u1ec7t, kh\u00f4ng ch\u1ec9 gi\u00fap h\u1ecdc sinh n\u1eafm v\u1eefng ki\u1ebfn th\u1ee9c m\u00e0 c\u00f2n... <a class=\"seemore\" href=\"https:\/\/tofuteacher.com\/vi\/services\/ap-world-history-2\/\" target=\"_blank\"> Xem th\u00eam<\/a><\/p><\/div><\/div><\/div><div class=\"news-a\"><div class=\"box-content\"><div class=\"img-flow\"><a href=\"https:\/\/tofuteacher.com\/vi\/services\/ap-comparative-government-and-politics-2\/\" target=\"_blank\"><img decoding=\"async\" src=\"https:\/\/tofuteacher.com\/wp-content\/uploads\/2023\/12\/service-1.jpg\" alt=\"\"><\/a><\/div><div class=\"ss-content\"><a href=\"https:\/\/tofuteacher.com\/vi\/services\/ap-comparative-government-and-politics-2\/\" target=\"_blank\"><h2 class=\"tt-services\">AP Comparative Government and Politics<\/h2><\/a><p>Ch\u00fang t\u00f4i cung c\u1ea5p cho h\u1ecdc sinh nh\u1eefng hi\u1ec3u bi\u1ebft c\u1ea7n thi\u1ebft \u0111\u1ec3 kh\u00f4ng ch\u1ec9 hi\u1ec3u \u0111\u01b0\u1ee3c c\u00e1c b\u1ed1i c\u1ea3nh ch\u00ednh tr\u1ecb \u0111a d\u1ea1ng... <a class=\"seemore\" href=\"https:\/\/tofuteacher.com\/vi\/services\/ap-comparative-government-and-politics-2\/\" target=\"_blank\"> Xem th\u00eam<\/a><\/p><\/div><\/div><\/div><\/div>\n\t\t<\/div>\n\t<\/div>\n\n\t\t<\/div> \n\t<\/div>\n\t<\/div> \n<\/div><\/div>\n\t\t\t<\/div> \n\t\t<\/div>\n\t<\/div> \n<\/div><\/div>","protected":false},"excerpt":{"rendered":"<p> <a class=\"seemore\" href=\"https:\/\/tofuteacher.com\/vi\/services\/ap-comparative-government-and-politics-2\/\" target=\"_blank\"> Xem th\u00eam<\/a><\/p>","protected":false},"author":1,"featured_media":0,"parent":0,"menu_order":0,"comment_status":"closed","ping_status":"closed","template":"","meta":{"_acf_changed":false,"footnotes":""},"class_list":["post-2785","page","type-page","status-publish"],"acf":[],"yoast_head":"<!-- This site is optimized with the Yoast SEO plugin v22.3 - https:\/\/yoast.com\/wordpress\/plugins\/seo\/ -->\n<title>Courses - Tofu Education<\/title>\n<meta name=\"robots\" content=\"index, follow, max-snippet:-1, max-image-preview:large, max-video-preview:-1\" \/>\n<link rel=\"canonical\" href=\"https:\/\/tofuteacher.com\/vi\/service\/\" \/>\n<meta property=\"og:locale\" content=\"vi_VN\" \/>\n<meta property=\"og:type\" content=\"article\" \/>\n<meta property=\"og:title\" content=\"Courses - Tofu Education\" \/>\n<meta property=\"og:description\" content=\"See more\" \/>\n<meta property=\"og:url\" content=\"https:\/\/tofuteacher.com\/vi\/service\/\" \/>\n<meta property=\"og:site_name\" content=\"Tofu Education\" \/>\n<meta property=\"article:modified_time\" content=\"2024-11-24T08:26:17+00:00\" \/>\n<meta name=\"twitter:card\" content=\"summary_large_image\" \/>\n<meta name=\"twitter:label1\" content=\"\u01af\u1edbc t\u00ednh th\u1eddi gian \u0111\u1ecdc\" \/>\n\t<meta name=\"twitter:data1\" content=\"2 ph\u00fat\" \/>\n<script type=\"application\/ld+json\" class=\"yoast-schema-graph\">{\"@context\":\"https:\/\/schema.org\",\"@graph\":[{\"@type\":\"WebPage\",\"@id\":\"https:\/\/tofuteacher.com\/service\/\",\"url\":\"https:\/\/tofuteacher.com\/service\/\",\"name\":\"Courses - Tofu Education\",\"isPartOf\":{\"@id\":\"https:\/\/tofuteacher.com\/#website\"},\"datePublished\":\"2023-12-21T02:40:28+00:00\",\"dateModified\":\"2024-11-24T08:26:17+00:00\",\"breadcrumb\":{\"@id\":\"https:\/\/tofuteacher.com\/service\/#breadcrumb\"},\"inLanguage\":\"vi\",\"potentialAction\":[{\"@type\":\"ReadAction\",\"target\":[\"https:\/\/tofuteacher.com\/service\/\"]}]},{\"@type\":\"BreadcrumbList\",\"@id\":\"https:\/\/tofuteacher.com\/service\/#breadcrumb\",\"itemListElement\":[{\"@type\":\"ListItem\",\"position\":1,\"name\":\"Home\",\"item\":\"https:\/\/tofuteacher.com\/\"},{\"@type\":\"ListItem\",\"position\":2,\"name\":\"Courses\"}]},{\"@type\":\"WebSite\",\"@id\":\"https:\/\/tofuteacher.com\/#website\",\"url\":\"https:\/\/tofuteacher.com\/\",\"name\":\"Toan Nguyen\",\"description\":\"\",\"publisher\":{\"@id\":\"https:\/\/tofuteacher.com\/#organization\"},\"potentialAction\":[{\"@type\":\"SearchAction\",\"target\":{\"@type\":\"EntryPoint\",\"urlTemplate\":\"https:\/\/tofuteacher.com\/?s={search_term_string}\"},\"query-input\":\"required name=search_term_string\"}],\"inLanguage\":\"vi\"},{\"@type\":\"Organization\",\"@id\":\"https:\/\/tofuteacher.com\/#organization\",\"name\":\"Toan Nguyen\",\"url\":\"https:\/\/tofuteacher.com\/\",\"logo\":{\"@type\":\"ImageObject\",\"inLanguage\":\"vi\",\"@id\":\"https:\/\/tofuteacher.com\/#\/schema\/logo\/image\/\",\"url\":\"https:\/\/tofuteacher.com\/wp-content\/uploads\/2024\/03\/logo.png\",\"contentUrl\":\"https:\/\/tofuteacher.com\/wp-content\/uploads\/2024\/03\/logo.png\",\"width\":208,\"height\":65,\"caption\":\"Toan Nguyen\"},\"image\":{\"@id\":\"https:\/\/tofuteacher.com\/#\/schema\/logo\/image\/\"}}]}<\/script>\n<!-- \/ Yoast SEO plugin. -->","yoast_head_json":{"title":"Courses - Tofu Education","robots":{"index":"index","follow":"follow","max-snippet":"max-snippet:-1","max-image-preview":"max-image-preview:large","max-video-preview":"max-video-preview:-1"},"canonical":"https:\/\/tofuteacher.com\/vi\/service\/","og_locale":"vi_VN","og_type":"article","og_title":"Courses - Tofu Education","og_description":"See more","og_url":"https:\/\/tofuteacher.com\/vi\/service\/","og_site_name":"Tofu Education","article_modified_time":"2024-11-24T08:26:17+00:00","twitter_card":"summary_large_image","twitter_misc":{"\u01af\u1edbc t\u00ednh th\u1eddi gian \u0111\u1ecdc":"2 ph\u00fat"},"schema":{"@context":"https:\/\/schema.org","@graph":[{"@type":"WebPage","@id":"https:\/\/tofuteacher.com\/service\/","url":"https:\/\/tofuteacher.com\/service\/","name":"Courses - Tofu Education","isPartOf":{"@id":"https:\/\/tofuteacher.com\/#website"},"datePublished":"2023-12-21T02:40:28+00:00","dateModified":"2024-11-24T08:26:17+00:00","breadcrumb":{"@id":"https:\/\/tofuteacher.com\/service\/#breadcrumb"},"inLanguage":"vi","potentialAction":[{"@type":"ReadAction","target":["https:\/\/tofuteacher.com\/service\/"]}]},{"@type":"BreadcrumbList","@id":"https:\/\/tofuteacher.com\/service\/#breadcrumb","itemListElement":[{"@type":"ListItem","position":1,"name":"Home","item":"https:\/\/tofuteacher.com\/"},{"@type":"ListItem","position":2,"name":"Courses"}]},{"@type":"WebSite","@id":"https:\/\/tofuteacher.com\/#website","url":"https:\/\/tofuteacher.com\/","name":"Toan Nguyen","description":"","publisher":{"@id":"https:\/\/tofuteacher.com\/#organization"},"potentialAction":[{"@type":"SearchAction","target":{"@type":"EntryPoint","urlTemplate":"https:\/\/tofuteacher.com\/?s={search_term_string}"},"query-input":"required name=search_term_string"}],"inLanguage":"vi"},{"@type":"Organization","@id":"https:\/\/tofuteacher.com\/#organization","name":"Toan Nguyen","url":"https:\/\/tofuteacher.com\/","logo":{"@type":"ImageObject","inLanguage":"vi","@id":"https:\/\/tofuteacher.com\/#\/schema\/logo\/image\/","url":"https:\/\/tofuteacher.com\/wp-content\/uploads\/2024\/03\/logo.png","contentUrl":"https:\/\/tofuteacher.com\/wp-content\/uploads\/2024\/03\/logo.png","width":208,"height":65,"caption":"Toan Nguyen"},"image":{"@id":"https:\/\/tofuteacher.com\/#\/schema\/logo\/image\/"}}]}},"_links":{"self":[{"href":"https:\/\/tofuteacher.com\/vi\/wp-json\/wp\/v2\/pages\/2785","targetHints":{"allow":["GET"]}}],"collection":[{"href":"https:\/\/tofuteacher.com\/vi\/wp-json\/wp\/v2\/pages"}],"about":[{"href":"https:\/\/tofuteacher.com\/vi\/wp-json\/wp\/v2\/types\/page"}],"author":[{"embeddable":true,"href":"https:\/\/tofuteacher.com\/vi\/wp-json\/wp\/v2\/users\/1"}],"replies":[{"embeddable":true,"href":"https:\/\/tofuteacher.com\/vi\/wp-json\/wp\/v2\/comments?post=2785"}],"version-history":[{"count":6,"href":"https:\/\/tofuteacher.com\/vi\/wp-json\/wp\/v2\/pages\/2785\/revisions"}],"predecessor-version":[{"id":3337,"href":"https:\/\/tofuteacher.com\/vi\/wp-json\/wp\/v2\/pages\/2785\/revisions\/3337"}],"wp:attachment":[{"href":"https:\/\/tofuteacher.com\/vi\/wp-json\/wp\/v2\/media?parent=2785"}],"curies":[{"name":"wp","href":"https:\/\/api.w.org\/{rel}","templated":true}]}}